{"id":80,"date":"2025-12-06T10:08:55","date_gmt":"2025-12-06T09:08:55","guid":{"rendered":"https:\/\/www.gabatoko.com\/?page_id=80"},"modified":"2026-01-25T14:18:48","modified_gmt":"2026-01-25T13:18:48","slug":"accueil","status":"publish","type":"page","link":"https:\/\/www.gabatoko.com\/index.php\/accueil\/","title":{"rendered":"Accueil"},"content":{"rendered":"\t\t<div data-elementor-type=\"wp-page\" data-elementor-id=\"80\" class=\"elementor elementor-80\" data-elementor-settings=\"{&quot;ha_cmc_init_switcher&quot;:&quot;no&quot;}\">\n\t\t\t\t<div class=\"elementor-element elementor-element-6bd913b e-con-full e-flex wpr-particle-no wpr-parallax-no wpr-sticky-section-no e-con e-parent\" data-id=\"6bd913b\" data-element_type=\"container\" data-e-type=\"container\" data-settings=\"{&quot;background_background&quot;:&quot;classic&quot;,&quot;_ha_eqh_enable&quot;:false}\">\n\t\t\t\t<div class=\"elementor-element elementor-element-282be5f elementor-widget elementor-widget-heading\" data-id=\"282be5f\" data-element_type=\"widget\" data-e-type=\"widget\" data-widget_type=\"heading.default\">\n\t\t\t\t<div class=\"elementor-widget-container\">\n\t\t\t\t\t<h1 class=\"elementor-heading-title elementor-size-default\">Gaba TOKO<\/h1>\t\t\t\t<\/div>\n\t\t\t\t<\/div>\n\t\t\t\t<div class=\"elementor-element elementor-element-1da6d5c elementor-widget elementor-widget-text-editor\" data-id=\"1da6d5c\" data-element_type=\"widget\" data-e-type=\"widget\" data-widget_type=\"text-editor.default\">\n\t\t\t\t<div class=\"elementor-widget-container\">\n\t\t\t\t\t\t\t\t\t<p>Sp\u00e9cialis\u00e9 dans l&rsquo;exploitation de donn\u00e9es g\u00e9ospatiales, le d\u00e9veloppement d&rsquo;automatisations FME et la cr\u00e9ation de solutions cartographiques performantes.<\/p>\t\t\t\t\t\t\t\t<\/div>\n\t\t\t\t<\/div>\n\t\t\t\t<div class=\"elementor-element elementor-element-4800477 elementor-widget elementor-widget-heading\" data-id=\"4800477\" data-element_type=\"widget\" data-e-type=\"widget\" data-widget_type=\"heading.default\">\n\t\t\t\t<div class=\"elementor-widget-container\">\n\t\t\t\t\t<h2 class=\"elementor-heading-title elementor-size-default\">Ing\u00e9nieur SIG <br>Expert en g\u00e9omatique &amp; SIG<\/h2>\t\t\t\t<\/div>\n\t\t\t\t<\/div>\n\t\t<div class=\"elementor-element elementor-element-ae69585 e-grid e-con-full wpr-particle-no wpr-jarallax-no wpr-parallax-no wpr-sticky-section-no e-con e-child\" data-id=\"ae69585\" data-element_type=\"container\" data-e-type=\"container\" data-settings=\"{&quot;_ha_eqh_enable&quot;:false}\">\n\t\t\t\t<div class=\"elementor-element elementor-element-b8589e9 elementor-widget elementor-widget-button\" data-id=\"b8589e9\" data-element_type=\"widget\" data-e-type=\"widget\" data-widget_type=\"button.default\">\n\t\t\t\t<div class=\"elementor-widget-container\">\n\t\t\t\t\t\t\t\t\t<div class=\"elementor-button-wrapper\">\n\t\t\t\t\t<a class=\"elementor-button elementor-button-link elementor-size-sm elementor-animation-grow\" href=\"#\">\n\t\t\t\t\t\t<span class=\"elementor-button-content-wrapper\">\n\t\t\t\t\t\t\t\t\t<span class=\"elementor-button-text\">Voir mes projets<\/span>\n\t\t\t\t\t<\/span>\n\t\t\t\t\t<\/a>\n\t\t\t\t<\/div>\n\t\t\t\t\t\t\t\t<\/div>\n\t\t\t\t<\/div>\n\t\t\t\t<\/div>\n\t\t\t\t<\/div>\n\t\t\t\t<\/div>\n\t\t","protected":false},"excerpt":{"rendered":"<p>Gaba TOKO Sp\u00e9cialis\u00e9 dans l&rsquo;exploitation de donn\u00e9es g\u00e9ospatiales, le d\u00e9veloppement d&rsquo;automatisations FME et la cr\u00e9ation de solutions cartographiques performantes. Ing\u00e9nieur SIG Expert en g\u00e9omatique &amp; SIG Voir mes projets<\/p>\n","protected":false},"author":1,"featured_media":0,"parent":0,"menu_order":0,"comment_status":"closed","ping_status":"closed","template":"elementor_header_footer","meta":{"site-sidebar-layout":"no-sidebar","site-content-layout":"","ast-site-content-layout":"full-width-container","site-content-style":"default","site-sidebar-style":"default","ast-global-header-display":"","ast-banner-title-visibility":"","ast-main-header-display":"","ast-hfb-above-header-display":"","ast-hfb-below-header-display":"","ast-hfb-mobile-header-display":"","site-post-title":"disabled","ast-breadcrumbs-content":"","ast-featured-img":"disabled","footer-sml-layout":"","ast-disable-related-posts":"","theme-transparent-header-meta":"","adv-header-id-meta":"","stick-header-meta":"","header-above-stick-meta":"","header-main-stick-meta":"","header-below-stick-meta":"","astra-migrate-meta-layouts":"default","ast-page-background-enabled":"default","ast-page-background-meta":{"desktop":{"background-color":"var(--ast-global-color-5)","background-image":"","background-repeat":"repeat","background-position":"center center","background-size":"auto","background-attachment":"scroll","background-type":"","background-media":"","overlay-type":"","overlay-color":"","overlay-opacity":"","overlay-gradient":""},"tablet":{"background-color":"","background-image":"","background-repeat":"repeat","background-position":"center center","background-size":"auto","background-attachment":"scroll","background-type":"","background-media":"","overlay-type":"","overlay-color":"","overlay-opacity":"","overlay-gradient":""},"mobile":{"background-color":"","background-image":"","background-repeat":"repeat","background-position":"center center","background-size":"auto","background-attachment":"scroll","background-type":"","background-media":"","overlay-type":"","overlay-color":"","overlay-opacity":"","overlay-gradient":""}},"ast-content-background-meta":{"desktop":{"background-color":"var(--ast-global-color-4)","background-image":"","background-repeat":"repeat","background-position":"center center","background-size":"auto","background-attachment":"scroll","background-type":"","background-media":"","overlay-type":"","overlay-color":"","overlay-opacity":"","overlay-gradient":""},"tablet":{"background-color":"var(--ast-global-color-4)","background-image":"","background-repeat":"repeat","background-position":"center center","background-size":"auto","background-attachment":"scroll","background-type":"","background-media":"","overlay-type":"","overlay-color":"","overlay-opacity":"","overlay-gradient":""},"mobile":{"background-color":"var(--ast-global-color-4)","background-image":"","background-repeat":"repeat","background-position":"center center","background-size":"auto","background-attachment":"scroll","background-type":"","background-media":"","overlay-type":"","overlay-color":"","overlay-opacity":"","overlay-gradient":""}},"footnotes":""},"class_list":["post-80","page","type-page","status-publish","hentry"],"yoast_head":"<!-- This site is optimized with the Yoast SEO plugin v27.1.1 - https:\/\/yoast.com\/product\/yoast-seo-wordpress\/ -->\n<title>Accueil - Gaba TOKO<\/title>\n<meta name=\"robots\" content=\"index, follow, max-snippet:-1, max-image-preview:large, max-video-preview:-1\" \/>\n<link rel=\"canonical\" href=\"https:\/\/www.gabatoko.com\/index.php\/accueil\/\" \/>\n<meta property=\"og:locale\" content=\"fr_FR\" \/>\n<meta property=\"og:type\" content=\"article\" \/>\n<meta property=\"og:title\" content=\"Accueil - Gaba TOKO\" \/>\n<meta property=\"og:description\" content=\"Gaba TOKO Sp\u00e9cialis\u00e9 dans l&rsquo;exploitation de donn\u00e9es g\u00e9ospatiales, le d\u00e9veloppement d&rsquo;automatisations FME et la cr\u00e9ation de solutions cartographiques performantes. Ing\u00e9nieur SIG Expert en g\u00e9omatique &amp; SIG Voir mes projets\" \/>\n<meta property=\"og:url\" content=\"https:\/\/www.gabatoko.com\/index.php\/accueil\/\" \/>\n<meta property=\"og:site_name\" content=\"Gaba TOKO\" \/>\n<meta property=\"article:modified_time\" content=\"2026-01-25T13:18:48+00:00\" \/>\n<meta name=\"twitter:card\" content=\"summary_large_image\" \/>\n<meta name=\"twitter:label1\" content=\"Dur\u00e9e de lecture estim\u00e9e\" \/>\n\t<meta name=\"twitter:data1\" content=\"1 minute\" \/>\n<script type=\"application\/ld+json\" class=\"yoast-schema-graph\">{\"@context\":\"https:\/\/schema.org\",\"@graph\":[{\"@type\":\"WebPage\",\"@id\":\"https:\/\/www.gabatoko.com\/index.php\/accueil\/\",\"url\":\"https:\/\/www.gabatoko.com\/index.php\/accueil\/\",\"name\":\"Accueil - Gaba TOKO\",\"isPartOf\":{\"@id\":\"https:\/\/www.gabatoko.com\/#website\"},\"datePublished\":\"2025-12-06T09:08:55+00:00\",\"dateModified\":\"2026-01-25T13:18:48+00:00\",\"breadcrumb\":{\"@id\":\"https:\/\/www.gabatoko.com\/index.php\/accueil\/#breadcrumb\"},\"inLanguage\":\"fr-FR\",\"potentialAction\":[{\"@type\":\"ReadAction\",\"target\":[\"https:\/\/www.gabatoko.com\/index.php\/accueil\/\"]}]},{\"@type\":\"BreadcrumbList\",\"@id\":\"https:\/\/www.gabatoko.com\/index.php\/accueil\/#breadcrumb\",\"itemListElement\":[{\"@type\":\"ListItem\",\"position\":1,\"name\":\"Accueil\",\"item\":\"https:\/\/www.gabatoko.com\/\"},{\"@type\":\"ListItem\",\"position\":2,\"name\":\"Accueil\"}]},{\"@type\":\"WebSite\",\"@id\":\"https:\/\/www.gabatoko.com\/#website\",\"url\":\"https:\/\/www.gabatoko.com\/\",\"name\":\"Gaba TOKO\",\"description\":\"D\u00e9veloppeur SIG\",\"potentialAction\":[{\"@type\":\"SearchAction\",\"target\":{\"@type\":\"EntryPoint\",\"urlTemplate\":\"https:\/\/www.gabatoko.com\/?s={search_term_string}\"},\"query-input\":{\"@type\":\"PropertyValueSpecification\",\"valueRequired\":true,\"valueName\":\"search_term_string\"}}],\"inLanguage\":\"fr-FR\"}]}<\/script>\n<!-- \/ Yoast SEO plugin. -->","yoast_head_json":{"title":"Accueil - Gaba TOKO","robots":{"index":"index","follow":"follow","max-snippet":"max-snippet:-1","max-image-preview":"max-image-preview:large","max-video-preview":"max-video-preview:-1"},"canonical":"https:\/\/www.gabatoko.com\/index.php\/accueil\/","og_locale":"fr_FR","og_type":"article","og_title":"Accueil - Gaba TOKO","og_description":"Gaba TOKO Sp\u00e9cialis\u00e9 dans l&rsquo;exploitation de donn\u00e9es g\u00e9ospatiales, le d\u00e9veloppement d&rsquo;automatisations FME et la cr\u00e9ation de solutions cartographiques performantes. Ing\u00e9nieur SIG Expert en g\u00e9omatique &amp; SIG Voir mes projets","og_url":"https:\/\/www.gabatoko.com\/index.php\/accueil\/","og_site_name":"Gaba TOKO","article_modified_time":"2026-01-25T13:18:48+00:00","twitter_card":"summary_large_image","twitter_misc":{"Dur\u00e9e de lecture estim\u00e9e":"1 minute"},"schema":{"@context":"https:\/\/schema.org","@graph":[{"@type":"WebPage","@id":"https:\/\/www.gabatoko.com\/index.php\/accueil\/","url":"https:\/\/www.gabatoko.com\/index.php\/accueil\/","name":"Accueil - Gaba TOKO","isPartOf":{"@id":"https:\/\/www.gabatoko.com\/#website"},"datePublished":"2025-12-06T09:08:55+00:00","dateModified":"2026-01-25T13:18:48+00:00","breadcrumb":{"@id":"https:\/\/www.gabatoko.com\/index.php\/accueil\/#breadcrumb"},"inLanguage":"fr-FR","potentialAction":[{"@type":"ReadAction","target":["https:\/\/www.gabatoko.com\/index.php\/accueil\/"]}]},{"@type":"BreadcrumbList","@id":"https:\/\/www.gabatoko.com\/index.php\/accueil\/#breadcrumb","itemListElement":[{"@type":"ListItem","position":1,"name":"Accueil","item":"https:\/\/www.gabatoko.com\/"},{"@type":"ListItem","position":2,"name":"Accueil"}]},{"@type":"WebSite","@id":"https:\/\/www.gabatoko.com\/#website","url":"https:\/\/www.gabatoko.com\/","name":"Gaba TOKO","description":"D\u00e9veloppeur SIG","potentialAction":[{"@type":"SearchAction","target":{"@type":"EntryPoint","urlTemplate":"https:\/\/www.gabatoko.com\/?s={search_term_string}"},"query-input":{"@type":"PropertyValueSpecification","valueRequired":true,"valueName":"search_term_string"}}],"inLanguage":"fr-FR"}]}},"_links":{"self":[{"href":"https:\/\/www.gabatoko.com\/index.php\/wp-json\/wp\/v2\/pages\/80","targetHints":{"allow":["GET"]}}],"collection":[{"href":"https:\/\/www.gabatoko.com\/index.php\/wp-json\/wp\/v2\/pages"}],"about":[{"href":"https:\/\/www.gabatoko.com\/index.php\/wp-json\/wp\/v2\/types\/page"}],"author":[{"embeddable":true,"href":"https:\/\/www.gabatoko.com\/index.php\/wp-json\/wp\/v2\/users\/1"}],"replies":[{"embeddable":true,"href":"https:\/\/www.gabatoko.com\/index.php\/wp-json\/wp\/v2\/comments?post=80"}],"version-history":[{"count":16,"href":"https:\/\/www.gabatoko.com\/index.php\/wp-json\/wp\/v2\/pages\/80\/revisions"}],"predecessor-version":[{"id":124,"href":"https:\/\/www.gabatoko.com\/index.php\/wp-json\/wp\/v2\/pages\/80\/revisions\/124"}],"wp:attachment":[{"href":"https:\/\/www.gabatoko.com\/index.php\/wp-json\/wp\/v2\/media?parent=80"}],"curies":[{"name":"wp","href":"https:\/\/api.w.org\/{rel}","templated":true}]}}